{"id":141,"date":"2025-02-28T16:37:13","date_gmt":"2025-02-28T16:37:13","guid":{"rendered":"https:\/\/auto-porkolabic.hr\/v2\/?page_id=141"},"modified":"2025-03-02T22:24:22","modified_gmt":"2025-03-02T22:24:22","slug":"usluge","status":"publish","type":"page","link":"https:\/\/auto-porkolabic.hr\/index.php\/usluge\/","title":{"rendered":"Usluge"},"content":{"rendered":"\t\t<div data-elementor-type=\"wp-page\" data-elementor-id=\"141\" class=\"elementor elementor-141\" data-elementor-post-type=\"page\">\n\t\t\t\t<div class=\"elementor-element elementor-element-f7bad64 e-flex e-con-boxed e-con e-parent\" data-id=\"f7bad64\" data-element_type=\"container\" data-settings=\"{&quot;background_background&quot;:&quot;classic&quot;}\">\n\t\t\t\t\t<div class=\"e-con-inner\">\n\t\t\t\t<div class=\"elementor-element elementor-element-cf8a177 elementor-widget elementor-widget-heading\" data-id=\"cf8a177\" data-element_type=\"widget\" data-widget_type=\"heading.default\">\n\t\t\t\t<div class=\"elementor-widget-container\">\n\t\t\t\t\t<h2 class=\"elementor-heading-title elementor-size-default\">Usluge<\/h2>\t\t\t\t<\/div>\n\t\t\t\t<\/div>\n\t\t\t\t\t<\/div>\n\t\t\t\t<\/div>\n\t\t<div class=\"elementor-element elementor-element-2e1b455 e-flex e-con-boxed e-con e-parent\" data-id=\"2e1b455\" data-element_type=\"container\" data-settings=\"{&quot;background_background&quot;:&quot;classic&quot;}\">\n\t\t\t\t\t<div class=\"e-con-inner\">\n\t\t<div class=\"elementor-element elementor-element-7a6bd94 e-con-full e-grid e-con e-child\" data-id=\"7a6bd94\" data-element_type=\"container\">\n\t\t\t\t<div class=\"elementor-element elementor-element-b2f94e8 elementor-position-top elementor-widget elementor-widget-image-box\" data-id=\"b2f94e8\" data-element_type=\"widget\" data-widget_type=\"image-box.default\">\n\t\t\t\t<div class=\"elementor-widget-container\">\n\t\t\t\t\t<div class=\"elementor-image-box-wrapper\"><figure class=\"elementor-image-box-img\"><img fetchpriority=\"high\" decoding=\"async\" width=\"800\" height=\"800\" src=\"https:\/\/auto-porkolabic.hr\/wp-content\/uploads\/2025\/03\/usluge_izmjena_ulja.jpg\" class=\"attachment-full size-full wp-image-204\" alt=\"\" srcset=\"https:\/\/auto-porkolabic.hr\/wp-content\/uploads\/2025\/03\/usluge_izmjena_ulja.jpg 800w, https:\/\/auto-porkolabic.hr\/wp-content\/uploads\/2025\/03\/usluge_izmjena_ulja-300x300.jpg 300w, https:\/\/auto-porkolabic.hr\/wp-content\/uploads\/2025\/03\/usluge_izmjena_ulja-150x150.jpg 150w, https:\/\/auto-porkolabic.hr\/wp-content\/uploads\/2025\/03\/usluge_izmjena_ulja-768x768.jpg 768w\" sizes=\"(max-width: 800px) 100vw, 800px\" \/><\/figure><div class=\"elementor-image-box-content\"><h3 class=\"elementor-image-box-title\">Izmjena ulja<\/h3><\/div><\/div>\t\t\t\t<\/div>\n\t\t\t\t<\/div>\n\t\t\t\t<div class=\"elementor-element elementor-element-d167c23 elementor-position-top elementor-widget elementor-widget-image-box\" data-id=\"d167c23\" data-element_type=\"widget\" data-widget_type=\"image-box.default\">\n\t\t\t\t<div class=\"elementor-widget-container\">\n\t\t\t\t\t<div class=\"elementor-image-box-wrapper\"><figure class=\"elementor-image-box-img\"><img decoding=\"async\" width=\"800\" height=\"800\" src=\"https:\/\/auto-porkolabic.hr\/wp-content\/uploads\/2025\/03\/usluge_izmjena_remenja.jpg\" class=\"attachment-full size-full wp-image-253\" alt=\"\" srcset=\"https:\/\/auto-porkolabic.hr\/wp-content\/uploads\/2025\/03\/usluge_izmjena_remenja.jpg 800w, https:\/\/auto-porkolabic.hr\/wp-content\/uploads\/2025\/03\/usluge_izmjena_remenja-300x300.jpg 300w, https:\/\/auto-porkolabic.hr\/wp-content\/uploads\/2025\/03\/usluge_izmjena_remenja-150x150.jpg 150w, https:\/\/auto-porkolabic.hr\/wp-content\/uploads\/2025\/03\/usluge_izmjena_remenja-768x768.jpg 768w\" sizes=\"(max-width: 800px) 100vw, 800px\" \/><\/figure><div class=\"elementor-image-box-content\"><h3 class=\"elementor-image-box-title\">Izmjena remenja<\/h3><\/div><\/div>\t\t\t\t<\/div>\n\t\t\t\t<\/div>\n\t\t\t\t<div class=\"elementor-element elementor-element-94f4bbe elementor-position-top elementor-widget elementor-widget-image-box\" data-id=\"94f4bbe\" data-element_type=\"widget\" data-widget_type=\"image-box.default\">\n\t\t\t\t<div class=\"elementor-widget-container\">\n\t\t\t\t\t<div class=\"elementor-image-box-wrapper\"><figure class=\"elementor-image-box-img\"><img decoding=\"async\" width=\"800\" height=\"800\" src=\"https:\/\/auto-porkolabic.hr\/wp-content\/uploads\/2025\/03\/usluge_kompletan_servis.jpg\" class=\"attachment-full size-full wp-image-252\" alt=\"\" srcset=\"https:\/\/auto-porkolabic.hr\/wp-content\/uploads\/2025\/03\/usluge_kompletan_servis.jpg 800w, https:\/\/auto-porkolabic.hr\/wp-content\/uploads\/2025\/03\/usluge_kompletan_servis-300x300.jpg 300w, https:\/\/auto-porkolabic.hr\/wp-content\/uploads\/2025\/03\/usluge_kompletan_servis-150x150.jpg 150w, https:\/\/auto-porkolabic.hr\/wp-content\/uploads\/2025\/03\/usluge_kompletan_servis-768x768.jpg 768w\" sizes=\"(max-width: 800px) 100vw, 800px\" \/><\/figure><div class=\"elementor-image-box-content\"><h3 class=\"elementor-image-box-title\">Kompletan servis<\/h3><\/div><\/div>\t\t\t\t<\/div>\n\t\t\t\t<\/div>\n\t\t\t\t<div class=\"elementor-element elementor-element-cb79f71 elementor-position-top elementor-widget elementor-widget-image-box\" data-id=\"cb79f71\" data-element_type=\"widget\" data-widget_type=\"image-box.default\">\n\t\t\t\t<div class=\"elementor-widget-container\">\n\t\t\t\t\t<div class=\"elementor-image-box-wrapper\"><figure class=\"elementor-image-box-img\"><img loading=\"lazy\" decoding=\"async\" width=\"800\" height=\"800\" src=\"https:\/\/auto-porkolabic.hr\/wp-content\/uploads\/2025\/03\/usluge_geneneralka_motora.jpg\" class=\"attachment-full size-full wp-image-255\" alt=\"\" srcset=\"https:\/\/auto-porkolabic.hr\/wp-content\/uploads\/2025\/03\/usluge_geneneralka_motora.jpg 800w, https:\/\/auto-porkolabic.hr\/wp-content\/uploads\/2025\/03\/usluge_geneneralka_motora-300x300.jpg 300w, https:\/\/auto-porkolabic.hr\/wp-content\/uploads\/2025\/03\/usluge_geneneralka_motora-150x150.jpg 150w, https:\/\/auto-porkolabic.hr\/wp-content\/uploads\/2025\/03\/usluge_geneneralka_motora-768x768.jpg 768w\" sizes=\"(max-width: 800px) 100vw, 800px\" \/><\/figure><div class=\"elementor-image-box-content\"><h3 class=\"elementor-image-box-title\">Generalno ure\u0111enje motora<\/h3><\/div><\/div>\t\t\t\t<\/div>\n\t\t\t\t<\/div>\n\t\t\t\t<div class=\"elementor-element elementor-element-0576b6b elementor-position-top elementor-widget elementor-widget-image-box\" data-id=\"0576b6b\" data-element_type=\"widget\" data-widget_type=\"image-box.default\">\n\t\t\t\t<div class=\"elementor-widget-container\">\n\t\t\t\t\t<div class=\"elementor-image-box-wrapper\"><figure class=\"elementor-image-box-img\"><img loading=\"lazy\" decoding=\"async\" width=\"800\" height=\"800\" src=\"https:\/\/auto-porkolabic.hr\/wp-content\/uploads\/2025\/03\/usluge_servis_klime.jpg\" class=\"attachment-full size-full wp-image-254\" alt=\"\" srcset=\"https:\/\/auto-porkolabic.hr\/wp-content\/uploads\/2025\/03\/usluge_servis_klime.jpg 800w, https:\/\/auto-porkolabic.hr\/wp-content\/uploads\/2025\/03\/usluge_servis_klime-300x300.jpg 300w, https:\/\/auto-porkolabic.hr\/wp-content\/uploads\/2025\/03\/usluge_servis_klime-150x150.jpg 150w, https:\/\/auto-porkolabic.hr\/wp-content\/uploads\/2025\/03\/usluge_servis_klime-768x768.jpg 768w\" sizes=\"(max-width: 800px) 100vw, 800px\" \/><\/figure><div class=\"elementor-image-box-content\"><h3 class=\"elementor-image-box-title\">Punjenje i dezinfekcija klime<\/h3><\/div><\/div>\t\t\t\t<\/div>\n\t\t\t\t<\/div>\n\t\t\t\t<div class=\"elementor-element elementor-element-e0d6225 elementor-position-top elementor-widget elementor-widget-image-box\" data-id=\"e0d6225\" data-element_type=\"widget\" data-widget_type=\"image-box.default\">\n\t\t\t\t<div class=\"elementor-widget-container\">\n\t\t\t\t\t<div class=\"elementor-image-box-wrapper\"><figure class=\"elementor-image-box-img\"><img loading=\"lazy\" decoding=\"async\" width=\"800\" height=\"800\" src=\"https:\/\/auto-porkolabic.hr\/wp-content\/uploads\/2025\/03\/usluge_uzv_injektori.jpg\" class=\"attachment-full size-full wp-image-256\" alt=\"\" srcset=\"https:\/\/auto-porkolabic.hr\/wp-content\/uploads\/2025\/03\/usluge_uzv_injektori.jpg 800w, https:\/\/auto-porkolabic.hr\/wp-content\/uploads\/2025\/03\/usluge_uzv_injektori-300x300.jpg 300w, https:\/\/auto-porkolabic.hr\/wp-content\/uploads\/2025\/03\/usluge_uzv_injektori-150x150.jpg 150w, https:\/\/auto-porkolabic.hr\/wp-content\/uploads\/2025\/03\/usluge_uzv_injektori-768x768.jpg 768w\" sizes=\"(max-width: 800px) 100vw, 800px\" \/><\/figure><div class=\"elementor-image-box-content\"><h3 class=\"elementor-image-box-title\">Ultrazvu\u010dno \u010di\u0161\u0107enje dizni<\/h3><\/div><\/div>\t\t\t\t<\/div>\n\t\t\t\t<\/div>\n\t\t\t\t<div class=\"elementor-element elementor-element-60fcb30 elementor-position-top elementor-widget elementor-widget-image-box\" data-id=\"60fcb30\" data-element_type=\"widget\" data-widget_type=\"image-box.default\">\n\t\t\t\t<div class=\"elementor-widget-container\">\n\t\t\t\t\t<div class=\"elementor-image-box-wrapper\"><figure class=\"elementor-image-box-img\"><img loading=\"lazy\" decoding=\"async\" width=\"800\" height=\"800\" src=\"https:\/\/auto-porkolabic.hr\/wp-content\/uploads\/2025\/03\/usluge_dijagnostika.jpg\" class=\"attachment-full size-full wp-image-257\" alt=\"\" srcset=\"https:\/\/auto-porkolabic.hr\/wp-content\/uploads\/2025\/03\/usluge_dijagnostika.jpg 800w, https:\/\/auto-porkolabic.hr\/wp-content\/uploads\/2025\/03\/usluge_dijagnostika-300x300.jpg 300w, https:\/\/auto-porkolabic.hr\/wp-content\/uploads\/2025\/03\/usluge_dijagnostika-150x150.jpg 150w, https:\/\/auto-porkolabic.hr\/wp-content\/uploads\/2025\/03\/usluge_dijagnostika-768x768.jpg 768w\" sizes=\"(max-width: 800px) 100vw, 800px\" \/><\/figure><div class=\"elementor-image-box-content\"><h3 class=\"elementor-image-box-title\">Najsuvremenija dijagnostika<\/h3><\/div><\/div>\t\t\t\t<\/div>\n\t\t\t\t<\/div>\n\t\t\t\t<div class=\"elementor-element elementor-element-aaf9405 elementor-position-top elementor-widget elementor-widget-image-box\" data-id=\"aaf9405\" data-element_type=\"widget\" data-widget_type=\"image-box.default\">\n\t\t\t\t<div class=\"elementor-widget-container\">\n\t\t\t\t\t<div class=\"elementor-image-box-wrapper\"><figure class=\"elementor-image-box-img\"><img loading=\"lazy\" decoding=\"async\" width=\"800\" height=\"800\" src=\"https:\/\/auto-porkolabic.hr\/wp-content\/uploads\/2025\/03\/usluge_psa_dijagnostika.jpg\" class=\"attachment-full size-full wp-image-258\" alt=\"\" srcset=\"https:\/\/auto-porkolabic.hr\/wp-content\/uploads\/2025\/03\/usluge_psa_dijagnostika.jpg 800w, https:\/\/auto-porkolabic.hr\/wp-content\/uploads\/2025\/03\/usluge_psa_dijagnostika-300x300.jpg 300w, https:\/\/auto-porkolabic.hr\/wp-content\/uploads\/2025\/03\/usluge_psa_dijagnostika-150x150.jpg 150w, https:\/\/auto-porkolabic.hr\/wp-content\/uploads\/2025\/03\/usluge_psa_dijagnostika-768x768.jpg 768w\" sizes=\"(max-width: 800px) 100vw, 800px\" \/><\/figure><div class=\"elementor-image-box-content\"><h3 class=\"elementor-image-box-title\">PSA originalna dijagnostika<\/h3><\/div><\/div>\t\t\t\t<\/div>\n\t\t\t\t<\/div>\n\t\t\t\t<div class=\"elementor-element elementor-element-1b1627a elementor-position-top elementor-widget elementor-widget-image-box\" data-id=\"1b1627a\" data-element_type=\"widget\" data-widget_type=\"image-box.default\">\n\t\t\t\t<div class=\"elementor-widget-container\">\n\t\t\t\t\t<div class=\"elementor-image-box-wrapper\"><figure class=\"elementor-image-box-img\"><img loading=\"lazy\" decoding=\"async\" width=\"800\" height=\"800\" src=\"https:\/\/auto-porkolabic.hr\/wp-content\/uploads\/2025\/03\/usluge_gume.jpg\" class=\"attachment-full size-full wp-image-259\" alt=\"\" srcset=\"https:\/\/auto-porkolabic.hr\/wp-content\/uploads\/2025\/03\/usluge_gume.jpg 800w, https:\/\/auto-porkolabic.hr\/wp-content\/uploads\/2025\/03\/usluge_gume-300x300.jpg 300w, https:\/\/auto-porkolabic.hr\/wp-content\/uploads\/2025\/03\/usluge_gume-150x150.jpg 150w, https:\/\/auto-porkolabic.hr\/wp-content\/uploads\/2025\/03\/usluge_gume-768x768.jpg 768w\" sizes=\"(max-width: 800px) 100vw, 800px\" \/><\/figure><div class=\"elementor-image-box-content\"><h3 class=\"elementor-image-box-title\">Balansiranje. monta\u017ea i izmjena guma<\/h3><\/div><\/div>\t\t\t\t<\/div>\n\t\t\t\t<\/div>\n\t\t\t\t<div class=\"elementor-element elementor-element-feb2da9 elementor-position-top elementor-widget elementor-widget-image-box\" data-id=\"feb2da9\" data-element_type=\"widget\" data-widget_type=\"image-box.default\">\n\t\t\t\t<div class=\"elementor-widget-container\">\n\t\t\t\t\t<div class=\"elementor-image-box-wrapper\"><figure class=\"elementor-image-box-img\"><img loading=\"lazy\" decoding=\"async\" width=\"800\" height=\"800\" src=\"https:\/\/auto-porkolabic.hr\/wp-content\/uploads\/2025\/03\/usluge_tokarenje_diskova.jpg\" class=\"attachment-full size-full wp-image-260\" alt=\"\" srcset=\"https:\/\/auto-porkolabic.hr\/wp-content\/uploads\/2025\/03\/usluge_tokarenje_diskova.jpg 800w, https:\/\/auto-porkolabic.hr\/wp-content\/uploads\/2025\/03\/usluge_tokarenje_diskova-300x300.jpg 300w, https:\/\/auto-porkolabic.hr\/wp-content\/uploads\/2025\/03\/usluge_tokarenje_diskova-150x150.jpg 150w, https:\/\/auto-porkolabic.hr\/wp-content\/uploads\/2025\/03\/usluge_tokarenje_diskova-768x768.jpg 768w\" sizes=\"(max-width: 800px) 100vw, 800px\" \/><\/figure><div class=\"elementor-image-box-content\"><h3 class=\"elementor-image-box-title\">Tokarenje diskova<\/h3><\/div><\/div>\t\t\t\t<\/div>\n\t\t\t\t<\/div>\n\t\t\t\t<\/div>\n\t\t\t\t\t<\/div>\n\t\t\t\t<\/div>\n\t\t<div class=\"elementor-element elementor-element-80d7436 e-con-full e-flex e-con e-parent\" data-id=\"80d7436\" data-element_type=\"container\" data-settings=\"{&quot;background_background&quot;:&quot;classic&quot;}\">\n\t\t\t\t<div class=\"elementor-element elementor-element-425a9db elementor-widget elementor-widget-spacer\" data-id=\"425a9db\" data-element_type=\"widget\" data-widget_type=\"spacer.default\">\n\t\t\t\t<div class=\"elementor-widget-container\">\n\t\t\t\t\t\t\t<div class=\"elementor-spacer\">\n\t\t\t<div class=\"elementor-spacer-inner\"><\/div>\n\t\t<\/div>\n\t\t\t\t\t\t<\/div>\n\t\t\t\t<\/div>\n\t\t\t\t<\/div>\n\t\t\t\t<\/div>\n\t\t","protected":false},"excerpt":{"rendered":"<p>Usluge Izmjena ulja Izmjena remenja Kompletan servis Generalno ure\u0111enje motora Punjenje i dezinfekcija klime Ultrazvu\u010dno \u010di\u0161\u0107enje dizni Najsuvremenija dijagnostika PSA originalna dijagnostika Balansiranje. monta\u017ea i izmjena guma Tokarenje diskova<\/p>\n","protected":false},"author":1,"featured_media":0,"parent":0,"menu_order":0,"comment_status":"closed","ping_status":"closed","template":"elementor_header_footer","meta":{"footnotes":""},"class_list":["post-141","page","type-page","status-publish","hentry"],"_links":{"self":[{"href":"https:\/\/auto-porkolabic.hr\/index.php\/wp-json\/wp\/v2\/pages\/141","targetHints":{"allow":["GET"]}}],"collection":[{"href":"https:\/\/auto-porkolabic.hr\/index.php\/wp-json\/wp\/v2\/pages"}],"about":[{"href":"https:\/\/auto-porkolabic.hr\/index.php\/wp-json\/wp\/v2\/types\/page"}],"author":[{"embeddable":true,"href":"https:\/\/auto-porkolabic.hr\/index.php\/wp-json\/wp\/v2\/users\/1"}],"replies":[{"embeddable":true,"href":"https:\/\/auto-porkolabic.hr\/index.php\/wp-json\/wp\/v2\/comments?post=141"}],"version-history":[{"count":7,"href":"https:\/\/auto-porkolabic.hr\/index.php\/wp-json\/wp\/v2\/pages\/141\/revisions"}],"predecessor-version":[{"id":327,"href":"https:\/\/auto-porkolabic.hr\/index.php\/wp-json\/wp\/v2\/pages\/141\/revisions\/327"}],"wp:attachment":[{"href":"https:\/\/auto-porkolabic.hr\/index.php\/wp-json\/wp\/v2\/media?parent=141"}],"curies":[{"name":"wp","href":"https:\/\/api.w.org\/{rel}","templated":true}]}}