{"id":145,"date":"2025-02-28T16:37:47","date_gmt":"2025-02-28T16:37:47","guid":{"rendered":"https:\/\/auto-porkolabic.hr\/v2\/?page_id=145"},"modified":"2025-03-06T08:03:10","modified_gmt":"2025-03-06T08:03:10","slug":"kontakt","status":"publish","type":"page","link":"https:\/\/auto-porkolabic.hr\/index.php\/kontakt\/","title":{"rendered":"Kontakt"},"content":{"rendered":"\t\t<div data-elementor-type=\"wp-page\" data-elementor-id=\"145\" class=\"elementor elementor-145\" data-elementor-post-type=\"page\">\n\t\t\t\t<div class=\"elementor-element elementor-element-fba2a31 e-flex e-con-boxed e-con e-parent\" data-id=\"fba2a31\" data-element_type=\"container\" data-settings=\"{&quot;background_background&quot;:&quot;classic&quot;}\">\n\t\t\t\t\t<div class=\"e-con-inner\">\n\t\t\t\t<div class=\"elementor-element elementor-element-4ba0690 elementor-widget elementor-widget-heading\" data-id=\"4ba0690\" data-element_type=\"widget\" data-widget_type=\"heading.default\">\n\t\t\t\t<div class=\"elementor-widget-container\">\n\t\t\t\t\t<h2 class=\"elementor-heading-title elementor-size-default\">Kako do nas?<\/h2>\t\t\t\t<\/div>\n\t\t\t\t<\/div>\n\t\t\t\t\t<\/div>\n\t\t\t\t<\/div>\n\t\t<div class=\"elementor-element elementor-element-19a81f2 e-flex e-con-boxed e-con e-parent\" data-id=\"19a81f2\" data-element_type=\"container\" data-settings=\"{&quot;background_background&quot;:&quot;classic&quot;}\">\n\t\t\t\t\t<div class=\"e-con-inner\">\n\t\t<div class=\"elementor-element elementor-element-67a62d2 e-con-full e-flex e-con e-child\" data-id=\"67a62d2\" data-element_type=\"container\">\n\t\t<div class=\"elementor-element elementor-element-b475339 e-con-full e-flex e-con e-child\" data-id=\"b475339\" data-element_type=\"container\">\n\t\t\t\t<div class=\"elementor-element elementor-element-e4d1854 elementor-widget elementor-widget-google_maps\" data-id=\"e4d1854\" data-element_type=\"widget\" data-widget_type=\"google_maps.default\">\n\t\t\t\t<div class=\"elementor-widget-container\">\n\t\t\t\t\t\t\t<div class=\"elementor-custom-embed\">\n\t\t\t<iframe loading=\"lazy\"\n\t\t\t\t\tsrc=\"https:\/\/maps.google.com\/maps?q=AUTOKU%C4%86A%20PORKOLABI%C4%86%20d.o.o.%2C%20Velika%20Gorica%2C%20Staro%20%C4%8Ci%C4%8De%2C%2010419%20Vukovina&#038;t=m&#038;z=12&#038;output=embed&#038;iwloc=near\"\n\t\t\t\t\ttitle=\"AUTOKU\u0106A PORKOLABI\u0106 d.o.o., Velika Gorica, Staro \u010ci\u010de, 10419 Vukovina\"\n\t\t\t\t\taria-label=\"AUTOKU\u0106A PORKOLABI\u0106 d.o.o., Velika Gorica, Staro \u010ci\u010de, 10419 Vukovina\"\n\t\t\t><\/iframe>\n\t\t<\/div>\n\t\t\t\t\t\t<\/div>\n\t\t\t\t<\/div>\n\t\t\t\t<div class=\"elementor-element elementor-element-cfec9b3 elementor-widget elementor-widget-spacer\" data-id=\"cfec9b3\" data-element_type=\"widget\" data-widget_type=\"spacer.default\">\n\t\t\t\t<div class=\"elementor-widget-container\">\n\t\t\t\t\t\t\t<div class=\"elementor-spacer\">\n\t\t\t<div class=\"elementor-spacer-inner\"><\/div>\n\t\t<\/div>\n\t\t\t\t\t\t<\/div>\n\t\t\t\t<\/div>\n\t\t\t\t<\/div>\n\t\t\t\t<\/div>\n\t\t<div class=\"elementor-element elementor-element-8575f69 e-con-full e-flex e-con e-child\" data-id=\"8575f69\" data-element_type=\"container\" data-settings=\"{&quot;background_background&quot;:&quot;classic&quot;}\">\n\t\t\t\t<div class=\"elementor-element elementor-element-7506b1d elementor-widget elementor-widget-heading\" data-id=\"7506b1d\" data-element_type=\"widget\" data-widget_type=\"heading.default\">\n\t\t\t\t<div class=\"elementor-widget-container\">\n\t\t\t\t\t<h2 class=\"elementor-heading-title elementor-size-default\">Kontakt<\/h2>\t\t\t\t<\/div>\n\t\t\t\t<\/div>\n\t\t\t\t<div class=\"elementor-element elementor-element-4143f7e elementor-widget elementor-widget-text-editor\" data-id=\"4143f7e\" data-element_type=\"widget\" data-widget_type=\"text-editor.default\">\n\t\t\t\t<div class=\"elementor-widget-container\">\n\t\t\t\t\t\t\t\t\t<p><strong>Mobitel:<\/strong> <a href=\"tel:+38598274209\">098 274 209<\/a><br \/><strong>E-mail:<\/strong> <a href=\"mailto:porkolabic.servis@gmail.com\">porkolabic.servis@gmail.com<\/a>\u00a0<\/p>\t\t\t\t\t\t\t\t<\/div>\n\t\t\t\t<\/div>\n\t\t\t\t<div class=\"elementor-element elementor-element-cc6dde3 elementor-widget-divider--view-line elementor-widget elementor-widget-divider\" data-id=\"cc6dde3\" data-element_type=\"widget\" data-widget_type=\"divider.default\">\n\t\t\t\t<div class=\"elementor-widget-container\">\n\t\t\t\t\t\t\t<div class=\"elementor-divider\">\n\t\t\t<span class=\"elementor-divider-separator\">\n\t\t\t\t\t\t<\/span>\n\t\t<\/div>\n\t\t\t\t\t\t<\/div>\n\t\t\t\t<\/div>\n\t\t\t\t<div class=\"elementor-element elementor-element-c6578a7 elementor-widget elementor-widget-heading\" data-id=\"c6578a7\" data-element_type=\"widget\" data-widget_type=\"heading.default\">\n\t\t\t\t<div class=\"elementor-widget-container\">\n\t\t\t\t\t<h2 class=\"elementor-heading-title elementor-size-default\">Info<\/h2>\t\t\t\t<\/div>\n\t\t\t\t<\/div>\n\t\t\t\t<div class=\"elementor-element elementor-element-4fd0702 elementor-widget elementor-widget-text-editor\" data-id=\"4fd0702\" data-element_type=\"widget\" data-widget_type=\"text-editor.default\">\n\t\t\t\t<div class=\"elementor-widget-container\">\n\t\t\t\t\t\t\t\t\t<p><strong>AUTO KU\u0106A PORKOLABI\u0106 d.o.o.<br \/><\/strong>Velika Gorica, Staro \u010ci\u010de, <br \/>Velikogori\u010dka 9c, 10419 Vukovina<strong><br \/>OIB:<\/strong> 47759828229<br \/><strong>MBS:<\/strong> 4825713<br \/><strong>IBAN:<\/strong> HR9523600001102652950<\/p>\t\t\t\t\t\t\t\t<\/div>\n\t\t\t\t<\/div>\n\t\t\t\t<div class=\"elementor-element elementor-element-c51a80f elementor-widget-divider--view-line elementor-widget elementor-widget-divider\" data-id=\"c51a80f\" data-element_type=\"widget\" data-widget_type=\"divider.default\">\n\t\t\t\t<div class=\"elementor-widget-container\">\n\t\t\t\t\t\t\t<div class=\"elementor-divider\">\n\t\t\t<span class=\"elementor-divider-separator\">\n\t\t\t\t\t\t<\/span>\n\t\t<\/div>\n\t\t\t\t\t\t<\/div>\n\t\t\t\t<\/div>\n\t\t\t\t<div class=\"elementor-element elementor-element-e22f25c elementor-widget elementor-widget-heading\" data-id=\"e22f25c\" data-element_type=\"widget\" data-widget_type=\"heading.default\">\n\t\t\t\t<div class=\"elementor-widget-container\">\n\t\t\t\t\t<h2 class=\"elementor-heading-title elementor-size-default\">Radno vrijeme<\/h2>\t\t\t\t<\/div>\n\t\t\t\t<\/div>\n\t\t\t\t<div class=\"elementor-element elementor-element-5e21fc7 elementor-widget elementor-widget-text-editor\" data-id=\"5e21fc7\" data-element_type=\"widget\" data-widget_type=\"text-editor.default\">\n\t\t\t\t<div class=\"elementor-widget-container\">\n\t\t\t\t\t\t\t\t\t<p><strong>Pon-Pet:<\/strong> 07:00-16:00h<br \/><strong>Sub-Ned:<\/strong> Ne radimo<\/p>\t\t\t\t\t\t\t\t<\/div>\n\t\t\t\t<\/div>\n\t\t\t\t<\/div>\n\t\t\t\t\t<\/div>\n\t\t\t\t<\/div>\n\t\t<div class=\"elementor-element elementor-element-b41a4bd e-flex e-con-boxed e-con e-parent\" data-id=\"b41a4bd\" data-element_type=\"container\">\n\t\t\t\t\t<div class=\"e-con-inner\">\n\t\t\t\t<div class=\"elementor-element elementor-element-f2fedd9 elementor-widget elementor-widget-spacer\" data-id=\"f2fedd9\" data-element_type=\"widget\" data-widget_type=\"spacer.default\">\n\t\t\t\t<div class=\"elementor-widget-container\">\n\t\t\t\t\t\t\t<div class=\"elementor-spacer\">\n\t\t\t<div class=\"elementor-spacer-inner\"><\/div>\n\t\t<\/div>\n\t\t\t\t\t\t<\/div>\n\t\t\t\t<\/div>\n\t\t\t\t<div class=\"elementor-element elementor-element-50a92c0 elementor-widget elementor-widget-spacer\" data-id=\"50a92c0\" data-element_type=\"widget\" data-widget_type=\"spacer.default\">\n\t\t\t\t<div class=\"elementor-widget-container\">\n\t\t\t\t\t\t\t<div class=\"elementor-spacer\">\n\t\t\t<div class=\"elementor-spacer-inner\"><\/div>\n\t\t<\/div>\n\t\t\t\t\t\t<\/div>\n\t\t\t\t<\/div>\n\t\t\t\t\t<\/div>\n\t\t\t\t<\/div>\n\t\t\t\t<\/div>\n\t\t","protected":false},"excerpt":{"rendered":"<p>Kako do nas? Kontakt Mobitel: 098 274 209E-mail: porkolabic.servis@gmail.com\u00a0 Info AUTO KU\u0106A PORKOLABI\u0106 d.o.o.Velika Gorica, Staro \u010ci\u010de, Velikogori\u010dka 9c, 10419 VukovinaOIB: 47759828229MBS: 4825713IBAN: HR9523600001102652950 Radno vrijeme Pon-Pet: 07:00-16:00hSub-Ned: Ne radimo<\/p>\n","protected":false},"author":1,"featured_media":0,"parent":0,"menu_order":0,"comment_status":"closed","ping_status":"closed","template":"elementor_header_footer","meta":{"footnotes":""},"class_list":["post-145","page","type-page","status-publish","hentry"],"_links":{"self":[{"href":"https:\/\/auto-porkolabic.hr\/index.php\/wp-json\/wp\/v2\/pages\/145","targetHints":{"allow":["GET"]}}],"collection":[{"href":"https:\/\/auto-porkolabic.hr\/index.php\/wp-json\/wp\/v2\/pages"}],"about":[{"href":"https:\/\/auto-porkolabic.hr\/index.php\/wp-json\/wp\/v2\/types\/page"}],"author":[{"embeddable":true,"href":"https:\/\/auto-porkolabic.hr\/index.php\/wp-json\/wp\/v2\/users\/1"}],"replies":[{"embeddable":true,"href":"https:\/\/auto-porkolabic.hr\/index.php\/wp-json\/wp\/v2\/comments?post=145"}],"version-history":[{"count":35,"href":"https:\/\/auto-porkolabic.hr\/index.php\/wp-json\/wp\/v2\/pages\/145\/revisions"}],"predecessor-version":[{"id":397,"href":"https:\/\/auto-porkolabic.hr\/index.php\/wp-json\/wp\/v2\/pages\/145\/revisions\/397"}],"wp:attachment":[{"href":"https:\/\/auto-porkolabic.hr\/index.php\/wp-json\/wp\/v2\/media?parent=145"}],"curies":[{"name":"wp","href":"https:\/\/api.w.org\/{rel}","templated":true}]}}